{"id":761,"date":"2025-11-30T14:12:44","date_gmt":"2025-11-30T13:12:44","guid":{"rendered":"http:\/\/ekodom.sklep.pl\/?post_type=product&#038;p=761"},"modified":"2025-12-01T10:58:19","modified_gmt":"2025-12-01T09:58:19","slug":"mata-sensoryczna","status":"publish","type":"product","link":"http:\/\/ekodom.sklep.pl\/index.php\/product\/mata-sensoryczna\/","title":{"rendered":"MATA SENSORYCZNA"},"content":{"rendered":"<p>Mata sensoryczna to urz\u0105dzenie relaksacyjno-terapeutyczne, kt\u00f3re dzi\u0119ki wibracjom stymuluje mi\u0119\u015bnie i uk\u0142ad nerwowy, poprawia kr\u0105\u017cenie krwi oraz wspiera regeneracj\u0119 organizmu. Pole sensoryczne pobudza receptory nerwowe, dzia\u0142a przeciwb\u00f3lowo i przeciwzapalnie, przynosz\u0105c ulg\u0119 przy napi\u0119ciu mi\u0119\u015bniowym, stresie oraz zm\u0119czeniu. Zalecana tak\u017ce osobom po udarach i z niedow\u0142adem ko\u0144czyn \u2013 wspiera odbudow\u0119 po\u0142\u0105cze\u0144 nerwowych i popraw\u0119 sprawno\u015bci ruchowej. Bezpieczna dla dzieci oraz os\u00f3b starszych, idealna do u\u017cycia domowego.<\/p>\n<p><strong>Przeciwwskazania:<\/strong><\/p>\n<p>\u2022 choroby onkologiczne \u2013 korzystanie mo\u017cliwe dopiero po 5 latach od zako\u0144czenia chemioterapii, po konsultacji z lekarzem<br \/>\n\u2022 ci\u0105\u017ca<br \/>\n\u2022 stany gor\u0105czkowe i ostre infekcje<br \/>\n\u2022 powa\u017cne zaburzenia krzepliwo\u015bci krwi i \u015bwie\u017ce zakrzepy<br \/>\n\u2022 rozrusznik serca lub inne aktywne implanty elektryczne<br \/>\n\u2022 \u015bwie\u017ce urazy, rany lub stany zapalne w fazie ostrej<br \/>\n\u2022 padaczka (chyba \u017ce lekarz wyrazi zgod\u0119)<\/p>\n","protected":false},"excerpt":{"rendered":"<p>Mata sensoryczna to urz\u0105dzenie relaksacyjno-terapeutyczne, kt\u00f3re dzi\u0119ki wibracjom stymuluje mi\u0119\u015bnie i uk\u0142ad nerwowy, poprawia kr\u0105\u017cenie krwi oraz wspiera regeneracj\u0119 organizmu. Pole sensoryczne pobudza receptory nerwowe, dzia\u0142a przeciwb\u00f3lowo i przeciwzapalnie, przynosz\u0105c ulg\u0119 przy napi\u0119ciu mi\u0119\u015bniowym, stresie oraz zm\u0119czeniu. Zalecana tak\u017ce osobom po udarach i z niedow\u0142adem ko\u0144czyn \u2013 wspiera odbudow\u0119 po\u0142\u0105cze\u0144 nerwowych i popraw\u0119 sprawno\u015bci ruchowej&#8230;.<\/p>\n","protected":false},"featured_media":751,"template":"","meta":{"_bst_post_transparent":"default","_bst_post_title":"","_bst_post_layout":"default","_bst_post_sidebar_id":"","_bst_post_content_style":"default","_bst_post_vertical_padding":"default","_bst_post_feature":"","_bst_post_feature_position":"","_bst_post_header":false,"_bst_post_footer":false},"product_brand":[],"product_cat":[121,106],"product_tag":[],"product_brands":[],"class_list":{"0":"post-761","1":"product","2":"type-product","3":"status-publish","4":"has-post-thumbnail","6":"product_cat-wszystko","7":"product_cat-masazery","9":"first","10":"instock","11":"shipping-taxable","12":"purchasable","13":"product-type-simple","14":"entry","15":"content-bg","16":"loop-entry"},"_links":{"self":[{"href":"http:\/\/ekodom.sklep.pl\/index.php\/wp-json\/wp\/v2\/product\/761","targetHints":{"allow":["GET"]}}],"collection":[{"href":"http:\/\/ekodom.sklep.pl\/index.php\/wp-json\/wp\/v2\/product"}],"about":[{"href":"http:\/\/ekodom.sklep.pl\/index.php\/wp-json\/wp\/v2\/types\/product"}],"version-history":[{"count":1,"href":"http:\/\/ekodom.sklep.pl\/index.php\/wp-json\/wp\/v2\/product\/761\/revisions"}],"predecessor-version":[{"id":913,"href":"http:\/\/ekodom.sklep.pl\/index.php\/wp-json\/wp\/v2\/product\/761\/revisions\/913"}],"wp:featuredmedia":[{"embeddable":true,"href":"http:\/\/ekodom.sklep.pl\/index.php\/wp-json\/wp\/v2\/media\/751"}],"wp:attachment":[{"href":"http:\/\/ekodom.sklep.pl\/index.php\/wp-json\/wp\/v2\/media?parent=761"}],"wp:term":[{"taxonomy":"product_brand","embeddable":true,"href":"http:\/\/ekodom.sklep.pl\/index.php\/wp-json\/wp\/v2\/product_brand?post=761"},{"taxonomy":"product_cat","embeddable":true,"href":"http:\/\/ekodom.sklep.pl\/index.php\/wp-json\/wp\/v2\/product_cat?post=761"},{"taxonomy":"product_tag","embeddable":true,"href":"http:\/\/ekodom.sklep.pl\/index.php\/wp-json\/wp\/v2\/product_tag?post=761"},{"taxonomy":"product_brands","embeddable":true,"href":"http:\/\/ekodom.sklep.pl\/index.php\/wp-json\/wp\/v2\/product_brands?post=761"}],"curies":[{"name":"wp","href":"https:\/\/api.w.org\/{rel}","templated":true}]}}