{"id":742,"date":"2025-11-30T12:26:59","date_gmt":"2025-11-30T11:26:59","guid":{"rendered":"http:\/\/ekodom.sklep.pl\/?post_type=product&#038;p=742"},"modified":"2025-12-01T10:58:29","modified_gmt":"2025-12-01T09:58:29","slug":"piekarnik-konwekcyjny","status":"publish","type":"product","link":"https:\/\/ekodom.sklep.pl\/index.php\/product\/piekarnik-konwekcyjny\/","title":{"rendered":"Piekarnik konwekcyjny"},"content":{"rendered":"<p>HARMOMIX \u2013 Inteligentny piekarnik konwekcyjny z dotykowym ekranem. Poznaj nowoczesny piekarnik konwekcyjny HARMOMIX, kt\u00f3ry \u0142\u0105czy elegancki design z zaawansowan\u0105 technologi\u0105 i funkcjonalno\u015bci\u0105, odpowiadaj\u0105c\u0105 potrzebom wsp\u00f3\u0142czesnej kuchni. Dzi\u0119ki intuicyjnemu panelowi dotykowemu w j\u0119zyku polskim oraz wielu predefiniowanym programom, przygotowanie zdrowych i smacznych da\u0144 staje si\u0119 dziecinnie proste. Wszechstronno\u015b\u0107 zastosowania: Bezt\u0142uszczowe pieczenie ziemniak\u00f3w \u2013 od klasycznych \u201efrytek\u201d po \u0142\u00f3deczki z przyprawami<\/p>\n<ul>\n<li>Pieczone mi\u0119sa \u2013 chrupi\u0105cy kurczak w ca\u0142o\u015bci, soczyste udka, steki, pol\u0119dwiczki<\/li>\n<li>Ryby \u2013 \u0142oso\u015b, pstr\u0105g, dorsz czy filet z bia\u0142ej ryby z chrupi\u0105c\u0105 sk\u00f3rk\u0105<\/li>\n<li>Owoce morza \u2013 idealnie przyrz\u0105dzone krewetki czy kalmary<\/li>\n<li>Warzywa \u2013 grillowana cukinia, papryka, pieczarki, bataty, bak\u0142a\u017can<\/li>\n<li>Zapiekanki i tarty \u2013 z warzywami, mi\u0119sem lub serem<\/li>\n<li>Domowe nuggetsy i chrupi\u0105ce kotleciki \u2013 dla dzieci i doros\u0142ych<\/li>\n<li>Wypieki \u2013 mini bu\u0142eczki, rogaliki, ciasteczka, a nawet muffiny<\/li>\n<li>Podgrzewanie da\u0144 \u2013 bez utraty chrupko\u015bci jak w kuchence mikrofalowej<\/li>\n<li>Odsuszanie \u017cywno\u015bci \u2013 idealne do zi\u00f3\u0142, plasterk\u00f3w owoc\u00f3w i grzyb\u00f3w<\/li>\n<li>Przygotowywanie da\u0144 mro\u017conych \u2013 bez rozmra\u017cania, prosto z zamra\u017carki<\/li>\n<\/ul>\n","protected":false},"excerpt":{"rendered":"<p>HARMOMIX \u2013 Inteligentny piekarnik konwekcyjny z dotykowym ekranem. Poznaj nowoczesny piekarnik konwekcyjny HARMOMIX, kt\u00f3ry \u0142\u0105czy elegancki design z zaawansowan\u0105 technologi\u0105 i funkcjonalno\u015bci\u0105, odpowiadaj\u0105c\u0105 potrzebom wsp\u00f3\u0142czesnej kuchni. Dzi\u0119ki intuicyjnemu panelowi dotykowemu w j\u0119zyku polskim oraz wielu predefiniowanym programom, przygotowanie zdrowych i smacznych da\u0144 staje si\u0119 dziecinnie proste. Wszechstronno\u015b\u0107 zastosowania: Bezt\u0142uszczowe pieczenie ziemniak\u00f3w \u2013 od klasycznych \u201efrytek\u201d&#8230;<\/p>\n","protected":false},"featured_media":744,"template":"","meta":{"_bst_post_transparent":"default","_bst_post_title":"","_bst_post_layout":"default","_bst_post_sidebar_id":"","_bst_post_content_style":"default","_bst_post_vertical_padding":"default","_bst_post_feature":"","_bst_post_feature_position":"","_bst_post_header":false,"_bst_post_footer":false},"product_brand":[],"product_cat":[121,108],"product_tag":[],"product_brands":[],"class_list":{"0":"post-742","1":"product","2":"type-product","3":"status-publish","4":"has-post-thumbnail","6":"product_cat-wszystko","7":"product_cat-roboty-kuchenne","9":"first","10":"instock","11":"shipping-taxable","12":"purchasable","13":"product-type-simple","14":"entry","15":"content-bg","16":"loop-entry"},"_links":{"self":[{"href":"https:\/\/ekodom.sklep.pl\/index.php\/wp-json\/wp\/v2\/product\/742","targetHints":{"allow":["GET"]}}],"collection":[{"href":"https:\/\/ekodom.sklep.pl\/index.php\/wp-json\/wp\/v2\/product"}],"about":[{"href":"https:\/\/ekodom.sklep.pl\/index.php\/wp-json\/wp\/v2\/types\/product"}],"version-history":[{"count":2,"href":"https:\/\/ekodom.sklep.pl\/index.php\/wp-json\/wp\/v2\/product\/742\/revisions"}],"predecessor-version":[{"id":951,"href":"https:\/\/ekodom.sklep.pl\/index.php\/wp-json\/wp\/v2\/product\/742\/revisions\/951"}],"wp:featuredmedia":[{"embeddable":true,"href":"https:\/\/ekodom.sklep.pl\/index.php\/wp-json\/wp\/v2\/media\/744"}],"wp:attachment":[{"href":"https:\/\/ekodom.sklep.pl\/index.php\/wp-json\/wp\/v2\/media?parent=742"}],"wp:term":[{"taxonomy":"product_brand","embeddable":true,"href":"https:\/\/ekodom.sklep.pl\/index.php\/wp-json\/wp\/v2\/product_brand?post=742"},{"taxonomy":"product_cat","embeddable":true,"href":"https:\/\/ekodom.sklep.pl\/index.php\/wp-json\/wp\/v2\/product_cat?post=742"},{"taxonomy":"product_tag","embeddable":true,"href":"https:\/\/ekodom.sklep.pl\/index.php\/wp-json\/wp\/v2\/product_tag?post=742"},{"taxonomy":"product_brands","embeddable":true,"href":"https:\/\/ekodom.sklep.pl\/index.php\/wp-json\/wp\/v2\/product_brands?post=742"}],"curies":[{"name":"wp","href":"https:\/\/api.w.org\/{rel}","templated":true}]}}