{"id":807,"date":"2025-11-30T17:05:20","date_gmt":"2025-11-30T16:05:20","guid":{"rendered":"http:\/\/ekodom.sklep.pl\/?post_type=product&#038;p=807"},"modified":"2025-12-01T10:58:09","modified_gmt":"2025-12-01T09:58:09","slug":"drenaz-limfatyczny","status":"publish","type":"product","link":"https:\/\/ekodom.sklep.pl\/index.php\/product\/drenaz-limfatyczny\/","title":{"rendered":"Drena\u017c limfatyczny"},"content":{"rendered":"<p>Kompresyjny masa\u017cer do n\u00f3g: st\u00f3p, ud i \u0142ydek.<\/p>\n<p>Urz\u0105dzenie sk\u0142ada si\u0119 z 6 regulowanych pask\u00f3w, kt\u00f3re s\u0105 wystarczaj\u0105co du\u017ce, aby dostosowa\u0107 si\u0119 nawet do os\u00f3b z opuchni\u0119tymi ko\u0144czynami. Masa\u017c odbywa si\u0119 przez stopniowe pompowanie i spuszczanie powietrza z poduszek masuj\u0105cych.<\/p>\n<p>Do wyboru s\u0105 trzy tryby &#8211; og\u00f3lny masa\u017c ko\u0144czyn, stopniowy masa\u017c w kolejno\u015bci uda-\u0142ydki-stopy i odwrotnie. Dodatkowo mo\u017cna wybra\u0107 spo\u015br\u00f3d 5 poziom\u00f3w intensywno\u015bci, r\u00f3\u017cni\u0105cych si\u0119 si\u0142\u0105 nacisku wywieranego na ko\u0144czyny.<\/p>\n<p>Masa\u017c kompresyjny poprawia kr\u0105\u017cenie krwi w ko\u0144czynach, redukuje zm\u0119czenie oraz \u0142agodzi b\u00f3l i obrz\u0119ki.<\/p>\n<p>Dzi\u0119ki regulowanym paskom urz\u0105dzenie jest uniwersalne &#8211; suchym rzepem mo\u017cna \u0142atwo zmieni\u0107 obw\u00f3d ka\u017cdej strefy masuj\u0105cej z osobna. Mo\u017cna tak\u017ce ustawi\u0107 maksymalny czas trwania masa\u017cu zgodnie z w\u0142asnymi potrzebami, a urz\u0105dzenie automatycznie si\u0119 wy\u0142\u0105czy. Wystarczy wybra\u0107 ulubiony tryb i cieszy\u0107 si\u0119 relaksem.<\/p>\n<p>Opis techniczny:<\/p>\n<p>\u2022 masa\u017cer kompresyjny do st\u00f3p (palce, achillesy i podudzia), \u0142ydek i ud<br \/>\n\u2022 wykorzystuje zmian\u0119 ci\u015bnienia w poduszkach powietrznych do masa\u017cu<br \/>\n\u2022 poprawia kr\u0105\u017cenie, \u0142agodzi zm\u0119czenie, pomaga przy opuchni\u0119tych stopach<br \/>\n\u2022 regulowane paski na rzep<br \/>\n\u2022 odpowiedni r\u00f3wnie\u017c dla u\u017cytkownik\u00f3w cierpi\u0105cych na opuchni\u0119te stopy<br \/>\n\u2022 timer: 10\/15\/20\/25\/30 minut<br \/>\n\u2022 tryby masa\u017cu: 3<br \/>\n\u2022 si\u0142a kompresji: 30\/40\/50 mmHg<br \/>\n\u2022 poziomy intensywno\u015bci: 5<br \/>\n\u2022 opcjonalne ogrzewanie kolan<br \/>\n\u2022 kompresyjne ogrzewanie st\u00f3p<br \/>\n\u2022 d\u0142ugo\u015b\u0107 paska na udo: 22 cm<br \/>\n\u2022 maksymalny obw\u00f3d pasa udowego: 70 cm<br \/>\n\u2022 d\u0142ugo\u015b\u0107 paska na \u0142ydk\u0119: 38 cm<br \/>\n\u2022 maksymalny obw\u00f3d paska na \u0142ydk\u0119: 55 cm<br \/>\n\u2022 d\u0142ugo\u015b\u0107 paska na stop\u0119: 25 cm<br \/>\n\u2022 maksymalny obw\u00f3d pasa na stop\u0119: 35 cm<\/p>\n","protected":false},"excerpt":{"rendered":"<p>Kompresyjny masa\u017cer do n\u00f3g: st\u00f3p, ud i \u0142ydek. Urz\u0105dzenie sk\u0142ada si\u0119 z 6 regulowanych pask\u00f3w, kt\u00f3re s\u0105 wystarczaj\u0105co du\u017ce, aby dostosowa\u0107 si\u0119 nawet do os\u00f3b z opuchni\u0119tymi ko\u0144czynami. Masa\u017c odbywa si\u0119 przez stopniowe pompowanie i spuszczanie powietrza z poduszek masuj\u0105cych. Do wyboru s\u0105 trzy tryby &#8211; og\u00f3lny masa\u017c ko\u0144czyn, stopniowy masa\u017c w kolejno\u015bci uda-\u0142ydki-stopy i&#8230;<\/p>\n","protected":false},"featured_media":809,"template":"","meta":{"_bst_post_transparent":"default","_bst_post_title":"","_bst_post_layout":"default","_bst_post_sidebar_id":"","_bst_post_content_style":"default","_bst_post_vertical_padding":"default","_bst_post_feature":"","_bst_post_feature_position":"","_bst_post_header":false,"_bst_post_footer":false},"product_brand":[],"product_cat":[121,106],"product_tag":[],"product_brands":[],"class_list":{"0":"post-807","1":"product","2":"type-product","3":"status-publish","4":"has-post-thumbnail","6":"product_cat-wszystko","7":"product_cat-masazery","9":"first","10":"instock","11":"shipping-taxable","12":"purchasable","13":"product-type-simple","14":"entry","15":"content-bg","16":"loop-entry"},"_links":{"self":[{"href":"https:\/\/ekodom.sklep.pl\/index.php\/wp-json\/wp\/v2\/product\/807","targetHints":{"allow":["GET"]}}],"collection":[{"href":"https:\/\/ekodom.sklep.pl\/index.php\/wp-json\/wp\/v2\/product"}],"about":[{"href":"https:\/\/ekodom.sklep.pl\/index.php\/wp-json\/wp\/v2\/types\/product"}],"version-history":[{"count":2,"href":"https:\/\/ekodom.sklep.pl\/index.php\/wp-json\/wp\/v2\/product\/807\/revisions"}],"predecessor-version":[{"id":811,"href":"https:\/\/ekodom.sklep.pl\/index.php\/wp-json\/wp\/v2\/product\/807\/revisions\/811"}],"wp:featuredmedia":[{"embeddable":true,"href":"https:\/\/ekodom.sklep.pl\/index.php\/wp-json\/wp\/v2\/media\/809"}],"wp:attachment":[{"href":"https:\/\/ekodom.sklep.pl\/index.php\/wp-json\/wp\/v2\/media?parent=807"}],"wp:term":[{"taxonomy":"product_brand","embeddable":true,"href":"https:\/\/ekodom.sklep.pl\/index.php\/wp-json\/wp\/v2\/product_brand?post=807"},{"taxonomy":"product_cat","embeddable":true,"href":"https:\/\/ekodom.sklep.pl\/index.php\/wp-json\/wp\/v2\/product_cat?post=807"},{"taxonomy":"product_tag","embeddable":true,"href":"https:\/\/ekodom.sklep.pl\/index.php\/wp-json\/wp\/v2\/product_tag?post=807"},{"taxonomy":"product_brands","embeddable":true,"href":"https:\/\/ekodom.sklep.pl\/index.php\/wp-json\/wp\/v2\/product_brands?post=807"}],"curies":[{"name":"wp","href":"https:\/\/api.w.org\/{rel}","templated":true}]}}