{"id":828,"date":"2025-11-30T17:30:04","date_gmt":"2025-11-30T16:30:04","guid":{"rendered":"http:\/\/ekodom.sklep.pl\/?post_type=product&#038;p=828"},"modified":"2025-12-01T10:57:49","modified_gmt":"2025-12-01T09:57:49","slug":"thermochefmix","status":"publish","type":"product","link":"https:\/\/ekodom.sklep.pl\/index.php\/product\/thermochefmix\/","title":{"rendered":"ThermoChefMix"},"content":{"rendered":"<p>Przemie\u0144 kuchni\u0119 w laboratorium smaku z ThermoChefMix<\/p>\n<p>Nasza innowacyjna maszyna kulinarna z ekranem dotykowym to wi\u0119cej ni\u017c tylko narz\u0119dzie kuchenne. To brama do nieko\u0144cz\u0105cych si\u0119 kulinarnych mo\u017cliwo\u015bci. Wystarczy wybra\u0107 jeden z wielu dost\u0119pnych tryb\u00f3w, a ekran dotykowy uczyni gotowanie intuicyjnym i \u0142atwym. Niezale\u017cnie od tego, czy jeste\u015b do\u015bwiadczonym kucharzem, czy dopiero zaczynasz swoj\u0105 kulinarn\u0105 podr\u00f3\u017c, nasz automat kuchenny jest Twoim wiernym towarzyszem. Dzi\u0119ki niemu mo\u017cesz eksperymentowa\u0107, tworzy\u0107, i cieszy\u0107 si\u0119 doskona\u0142ymi smakami, bez wzgl\u0119du na to, czy przygotowujesz danie na co dzie\u0144, czy przyj\u0119cie dla znajomych. Przemie\u0144 swoj\u0105 kuchni\u0119 w miejsce magii kulinari\u00f3w z ThermoChefMix.<\/p>\n<p>Nasz produkt, innowacyjny automat kuchenny z ekranem dotykowym, to prawdziwa rewolucja w \u015bwiecie kulinari\u00f3w. Dzi\u0119ki niemu gotowanie staje si\u0119 nie tylko prostsze, ale te\u017c bardziej kreatywne. Intuicyjny ekran dotykowy umo\u017cliwia \u0142atw\u0105 i precyzyjn\u0105 kontrol\u0119 nad procesem, pozwalaj\u0105c\u0105 na tworzenie doskona\u0142ych da\u0144 bez wysi\u0142ku. Nasz automat kuchenny to nie tylko urz\u0105dzenie kuchenne, to partner w kuchni, kt\u00f3ry pozwala eksperymentowa\u0107 z r\u00f3\u017cnymi kuchennymi technikami i cieszy\u0107 si\u0119 doskona\u0142ym smakiem ka\u017cdego przygotowanego dania. Odkryj now\u0105 jako\u015b\u0107 gotowania dzi\u0119ki naszemu produktowi.<\/p>\n","protected":false},"excerpt":{"rendered":"<p>Przemie\u0144 kuchni\u0119 w laboratorium smaku z ThermoChefMix Nasza innowacyjna maszyna kulinarna z ekranem dotykowym to wi\u0119cej ni\u017c tylko narz\u0119dzie kuchenne. To brama do nieko\u0144cz\u0105cych si\u0119 kulinarnych mo\u017cliwo\u015bci. Wystarczy wybra\u0107 jeden z wielu dost\u0119pnych tryb\u00f3w, a ekran dotykowy uczyni gotowanie intuicyjnym i \u0142atwym. Niezale\u017cnie od tego, czy jeste\u015b do\u015bwiadczonym kucharzem, czy dopiero zaczynasz swoj\u0105 kulinarn\u0105 podr\u00f3\u017c,&#8230;<\/p>\n","protected":false},"featured_media":941,"template":"","meta":{"_bst_post_transparent":"default","_bst_post_title":"","_bst_post_layout":"default","_bst_post_sidebar_id":"","_bst_post_content_style":"default","_bst_post_vertical_padding":"default","_bst_post_feature":"","_bst_post_feature_position":"","_bst_post_header":false,"_bst_post_footer":false},"product_brand":[],"product_cat":[121,108],"product_tag":[],"product_brands":[],"class_list":{"0":"post-828","1":"product","2":"type-product","3":"status-publish","4":"has-post-thumbnail","6":"product_cat-wszystko","7":"product_cat-roboty-kuchenne","9":"first","10":"instock","11":"shipping-taxable","12":"purchasable","13":"product-type-simple","14":"entry","15":"content-bg","16":"loop-entry"},"_links":{"self":[{"href":"https:\/\/ekodom.sklep.pl\/index.php\/wp-json\/wp\/v2\/product\/828","targetHints":{"allow":["GET"]}}],"collection":[{"href":"https:\/\/ekodom.sklep.pl\/index.php\/wp-json\/wp\/v2\/product"}],"about":[{"href":"https:\/\/ekodom.sklep.pl\/index.php\/wp-json\/wp\/v2\/types\/product"}],"version-history":[{"count":1,"href":"https:\/\/ekodom.sklep.pl\/index.php\/wp-json\/wp\/v2\/product\/828\/revisions"}],"predecessor-version":[{"id":829,"href":"https:\/\/ekodom.sklep.pl\/index.php\/wp-json\/wp\/v2\/product\/828\/revisions\/829"}],"wp:featuredmedia":[{"embeddable":true,"href":"https:\/\/ekodom.sklep.pl\/index.php\/wp-json\/wp\/v2\/media\/941"}],"wp:attachment":[{"href":"https:\/\/ekodom.sklep.pl\/index.php\/wp-json\/wp\/v2\/media?parent=828"}],"wp:term":[{"taxonomy":"product_brand","embeddable":true,"href":"https:\/\/ekodom.sklep.pl\/index.php\/wp-json\/wp\/v2\/product_brand?post=828"},{"taxonomy":"product_cat","embeddable":true,"href":"https:\/\/ekodom.sklep.pl\/index.php\/wp-json\/wp\/v2\/product_cat?post=828"},{"taxonomy":"product_tag","embeddable":true,"href":"https:\/\/ekodom.sklep.pl\/index.php\/wp-json\/wp\/v2\/product_tag?post=828"},{"taxonomy":"product_brands","embeddable":true,"href":"https:\/\/ekodom.sklep.pl\/index.php\/wp-json\/wp\/v2\/product_brands?post=828"}],"curies":[{"name":"wp","href":"https:\/\/api.w.org\/{rel}","templated":true}]}}