{"id":840,"date":"2025-11-30T17:43:58","date_gmt":"2025-11-30T16:43:58","guid":{"rendered":"http:\/\/ekodom.sklep.pl\/?post_type=product&#038;p=840"},"modified":"2025-12-01T10:57:18","modified_gmt":"2025-12-01T09:57:18","slug":"hydromasaz-stop","status":"publish","type":"product","link":"https:\/\/ekodom.sklep.pl\/index.php\/product\/hydromasaz-stop\/","title":{"rendered":"Hydromasa\u017c st\u00f3p"},"content":{"rendered":"<p>Zapewnij swoim stopom wyj\u0105tkowy, luksusowy zabieg relaksacyjny dzi\u0119ki REHAMASSAGE ALPENTHERME \u2013 doskona\u0142emu urz\u0105dzeniu do masa\u017cu st\u00f3p, kt\u00f3re przeniesie Ci\u0119 w krain\u0119 b\u0142ogiego odpr\u0119\u017cenia i odnowy w zaciszu Twojego domu.<\/p>\n<p>To niezwykle wszechstronne urz\u0105dzenie \u0142\u0105czy w sobie trzy zmys\u0142owe techniki masa\u017cu: akupresur\u0119, masa\u017c shiatsu oraz hydroterapi\u0119. Dzi\u0119ki innowacyjnemu systemowi, stopy s\u0105 delikatnie masowane strumieniem wody, kt\u00f3rym towarzysz\u0105 wk\u0142adki masuj\u0105ce umieszczone na dnie urz\u0105dzenia, zapewniaj\u0105ce uczucie ukojenia i odpr\u0119\u017cenia. Ju\u017c teraz mo\u017cesz cieszy\u0107 si\u0119 kompletnym do\u015bwiadczeniem spa w komfortowej atmosferze Twojego w\u0142asnego domu.<\/p>\n<p>Masa\u017cer zosta\u0142 precyzyjnie zaprojektowany, aby dostosowa\u0107 si\u0119 do Twoich indywidualnych potrzeb. Wyposa\u017cony w 2 zestawy wk\u0142adek masuj\u0105cych, podzielonych na segmenty, kt\u00f3re precyzyjnie stymuluj\u0105 r\u00f3\u017cne obszary stopy, zapewniaj\u0105 kompleksow\u0105 terapi\u0119 masa\u017cu. Dzi\u0119ki mo\u017cliwo\u015bci regulacji intensywno\u015bci masa\u017cu poprzez przesuwanie st\u00f3p, mo\u017cesz dostosowa\u0107 zabieg do w\u0142asnych preferencji.<\/p>\n<p>Warto podkre\u015bli\u0107, \u017ce urz\u0105dzenie oferuje masa\u017c w szerokim zakresie temperatur od 35\u00b0C do 48\u00b0C, co pozwala dopasowa\u0107 zabieg do Twoich osobistych preferencji termicznych. Panel sterowania umo\u017cliwia tak\u017ce programowanie sesji masa\u017cu w zakresie od 10 do 60 minut, co pozwala na dostosowanie czasu zabiegu do Twojego harmonogramu dnia.<\/p>\n<p>Aby jeszcze bardziej zwi\u0119kszy\u0107 doznania relaksacyjne, urz\u0105dzenie REHAMASSAGE ALPENTHERME umo\u017cliwia dodanie do wody odrobiny olejku eterycznego, dzi\u0119ki czemu mo\u017cesz cieszy\u0107 si\u0119 aromaterapeutycznymi w\u0142a\u015bciwo\u015bciami podczas masa\u017cu. Ten szczeg\u00f3lny dodatek podnosi poziom relaksu, pozwalaj\u0105c Ci odpr\u0119\u017cy\u0107 si\u0119 jeszcze bardziej.<\/p>\n<p>Niech REHAMASSAGE ALPENTHERME stanie si\u0119 Twoim osobistym oaz\u0105 relaksu po d\u0142ugim dniu, pozwalaj\u0105c Ci na odzyskanie r\u00f3wnowagi, z\u0142agodzenie napi\u0119\u0107 i cieszenie si\u0119 doskona\u0142ym samopoczuciem ka\u017cdego dnia.<\/p>\n","protected":false},"excerpt":{"rendered":"<p>Zapewnij swoim stopom wyj\u0105tkowy, luksusowy zabieg relaksacyjny dzi\u0119ki REHAMASSAGE ALPENTHERME \u2013 doskona\u0142emu urz\u0105dzeniu do masa\u017cu st\u00f3p, kt\u00f3re przeniesie Ci\u0119 w krain\u0119 b\u0142ogiego odpr\u0119\u017cenia i odnowy w zaciszu Twojego domu. To niezwykle wszechstronne urz\u0105dzenie \u0142\u0105czy w sobie trzy zmys\u0142owe techniki masa\u017cu: akupresur\u0119, masa\u017c shiatsu oraz hydroterapi\u0119. Dzi\u0119ki innowacyjnemu systemowi, stopy s\u0105 delikatnie masowane strumieniem wody, kt\u00f3rym&#8230;<\/p>\n","protected":false},"featured_media":826,"template":"","meta":{"_bst_post_transparent":"default","_bst_post_title":"","_bst_post_layout":"default","_bst_post_sidebar_id":"","_bst_post_content_style":"default","_bst_post_vertical_padding":"default","_bst_post_feature":"","_bst_post_feature_position":"","_bst_post_header":false,"_bst_post_footer":false},"product_brand":[],"product_cat":[121,106],"product_tag":[],"product_brands":[],"class_list":{"0":"post-840","1":"product","2":"type-product","3":"status-publish","4":"has-post-thumbnail","6":"product_cat-wszystko","7":"product_cat-masazery","9":"first","10":"instock","11":"shipping-taxable","12":"purchasable","13":"product-type-simple","14":"entry","15":"content-bg","16":"loop-entry"},"_links":{"self":[{"href":"https:\/\/ekodom.sklep.pl\/index.php\/wp-json\/wp\/v2\/product\/840","targetHints":{"allow":["GET"]}}],"collection":[{"href":"https:\/\/ekodom.sklep.pl\/index.php\/wp-json\/wp\/v2\/product"}],"about":[{"href":"https:\/\/ekodom.sklep.pl\/index.php\/wp-json\/wp\/v2\/types\/product"}],"version-history":[{"count":1,"href":"https:\/\/ekodom.sklep.pl\/index.php\/wp-json\/wp\/v2\/product\/840\/revisions"}],"predecessor-version":[{"id":841,"href":"https:\/\/ekodom.sklep.pl\/index.php\/wp-json\/wp\/v2\/product\/840\/revisions\/841"}],"wp:featuredmedia":[{"embeddable":true,"href":"https:\/\/ekodom.sklep.pl\/index.php\/wp-json\/wp\/v2\/media\/826"}],"wp:attachment":[{"href":"https:\/\/ekodom.sklep.pl\/index.php\/wp-json\/wp\/v2\/media?parent=840"}],"wp:term":[{"taxonomy":"product_brand","embeddable":true,"href":"https:\/\/ekodom.sklep.pl\/index.php\/wp-json\/wp\/v2\/product_brand?post=840"},{"taxonomy":"product_cat","embeddable":true,"href":"https:\/\/ekodom.sklep.pl\/index.php\/wp-json\/wp\/v2\/product_cat?post=840"},{"taxonomy":"product_tag","embeddable":true,"href":"https:\/\/ekodom.sklep.pl\/index.php\/wp-json\/wp\/v2\/product_tag?post=840"},{"taxonomy":"product_brands","embeddable":true,"href":"https:\/\/ekodom.sklep.pl\/index.php\/wp-json\/wp\/v2\/product_brands?post=840"}],"curies":[{"name":"wp","href":"https:\/\/api.w.org\/{rel}","templated":true}]}}