{"id":848,"date":"2025-11-30T18:01:31","date_gmt":"2025-11-30T17:01:31","guid":{"rendered":"http:\/\/ekodom.sklep.pl\/?post_type=product&#038;p=848"},"modified":"2025-12-01T10:57:05","modified_gmt":"2025-12-01T09:57:05","slug":"tuba-oczyszczajaca","status":"publish","type":"product","link":"https:\/\/ekodom.sklep.pl\/index.php\/product\/tuba-oczyszczajaca\/","title":{"rendered":"Tuba oczyszczaj\u0105ca"},"content":{"rendered":"<p>Tuba oczyszczaj\u0105ca powietrze &#8211; to niezb\u0119dny dodatek do generatora ozonu, kt\u00f3ry zapewnia bezpieczne korzystanie z ozonu, eliminuj\u0105c jego szkodliwe skutki dla zdrowia. Dzi\u0119ki zaawansowanemu systemowi filtracji, w tym filtrowi HEPA, aktywnemu w\u0119glowi i jonizacji, skutecznie usuwa alergeny, smog, dym, py\u0142ki ro\u015blin, odchody roztoczy, zarodniki ple\u015bni oraz w\u0142osy i sier\u015b\u0107. Dodatkowo, redukuje ilo\u015b\u0107 kurzu unosz\u0105cego si\u0119 w powietrzu, co sprawia, \u017ce osadza si\u0119 go mniej na meblach, u\u0142atwiaj\u0105c utrzymanie czysto\u015bci w domu.<\/p>\n<p>Sama tuba mo\u017ce by\u0107 u\u017cywana samodzielnie i zaleca si\u0119 jej ci\u0105g\u0142\u0105 prac\u0119 24 godziny na dob\u0119. Posiada tryb nocny, w kt\u00f3rym dzia\u0142anie urz\u0105dzenia jest wyciszone, a o\u015bwietlenie LED, wskazuj\u0105ce poziom zanieczyszczenia, jest wygaszone. Dzi\u0119ki temu, zapewnia cich\u0105 i niezak\u0142\u00f3con\u0105 prac\u0119 w nocy, dbaj\u0105c o czyste powietrze przez ca\u0142\u0105 dob\u0119. To innowacyjne urz\u0105dzenie jest kluczowym elementem ka\u017cdego systemu oczyszczania powietrza, gwarantuj\u0105c zdrowe i bezpieczne \u015brodowisko w ka\u017cdym pomieszczeniu.<\/p>\n","protected":false},"excerpt":{"rendered":"<p>Tuba oczyszczaj\u0105ca powietrze &#8211; to niezb\u0119dny dodatek do generatora ozonu, kt\u00f3ry zapewnia bezpieczne korzystanie z ozonu, eliminuj\u0105c jego szkodliwe skutki dla zdrowia. Dzi\u0119ki zaawansowanemu systemowi filtracji, w tym filtrowi HEPA, aktywnemu w\u0119glowi i jonizacji, skutecznie usuwa alergeny, smog, dym, py\u0142ki ro\u015blin, odchody roztoczy, zarodniki ple\u015bni oraz w\u0142osy i sier\u015b\u0107. Dodatkowo, redukuje ilo\u015b\u0107 kurzu unosz\u0105cego si\u0119&#8230;<\/p>\n","protected":false},"featured_media":825,"template":"","meta":{"_bst_post_transparent":"default","_bst_post_title":"","_bst_post_layout":"default","_bst_post_sidebar_id":"","_bst_post_content_style":"default","_bst_post_vertical_padding":"default","_bst_post_feature":"","_bst_post_feature_position":"","_bst_post_header":false,"_bst_post_footer":false},"product_brand":[],"product_cat":[121,112],"product_tag":[],"product_brands":[],"class_list":{"0":"post-848","1":"product","2":"type-product","3":"status-publish","4":"has-post-thumbnail","6":"product_cat-wszystko","7":"product_cat-oczyszczacze-powietrza","9":"first","10":"instock","11":"shipping-taxable","12":"purchasable","13":"product-type-simple","14":"entry","15":"content-bg","16":"loop-entry"},"_links":{"self":[{"href":"https:\/\/ekodom.sklep.pl\/index.php\/wp-json\/wp\/v2\/product\/848","targetHints":{"allow":["GET"]}}],"collection":[{"href":"https:\/\/ekodom.sklep.pl\/index.php\/wp-json\/wp\/v2\/product"}],"about":[{"href":"https:\/\/ekodom.sklep.pl\/index.php\/wp-json\/wp\/v2\/types\/product"}],"version-history":[{"count":2,"href":"https:\/\/ekodom.sklep.pl\/index.php\/wp-json\/wp\/v2\/product\/848\/revisions"}],"predecessor-version":[{"id":850,"href":"https:\/\/ekodom.sklep.pl\/index.php\/wp-json\/wp\/v2\/product\/848\/revisions\/850"}],"wp:featuredmedia":[{"embeddable":true,"href":"https:\/\/ekodom.sklep.pl\/index.php\/wp-json\/wp\/v2\/media\/825"}],"wp:attachment":[{"href":"https:\/\/ekodom.sklep.pl\/index.php\/wp-json\/wp\/v2\/media?parent=848"}],"wp:term":[{"taxonomy":"product_brand","embeddable":true,"href":"https:\/\/ekodom.sklep.pl\/index.php\/wp-json\/wp\/v2\/product_brand?post=848"},{"taxonomy":"product_cat","embeddable":true,"href":"https:\/\/ekodom.sklep.pl\/index.php\/wp-json\/wp\/v2\/product_cat?post=848"},{"taxonomy":"product_tag","embeddable":true,"href":"https:\/\/ekodom.sklep.pl\/index.php\/wp-json\/wp\/v2\/product_tag?post=848"},{"taxonomy":"product_brands","embeddable":true,"href":"https:\/\/ekodom.sklep.pl\/index.php\/wp-json\/wp\/v2\/product_brands?post=848"}],"curies":[{"name":"wp","href":"https:\/\/api.w.org\/{rel}","templated":true}]}}