{"id":851,"date":"2025-11-30T18:04:03","date_gmt":"2025-11-30T17:04:03","guid":{"rendered":"http:\/\/ekodom.sklep.pl\/?post_type=product&#038;p=851"},"modified":"2025-12-01T10:56:55","modified_gmt":"2025-12-01T09:56:55","slug":"pionowy-odkurzacz-i-mop-2-w-1","status":"publish","type":"product","link":"https:\/\/ekodom.sklep.pl\/index.php\/product\/pionowy-odkurzacz-i-mop-2-w-1\/","title":{"rendered":"PIONOWY ODKURZACZ I MOP 2 W 1"},"content":{"rendered":"<p>PIONOWY ODKURZACZ I MOP 2 W 1, MODEL V25 TWIN TURBO<\/p>\n<p>Cyfrowy Wy\u015bwietlacz<\/p>\n<p>Inteligentny wy\u015bwietlacz w Titan Clean V25 Twin Turbo dostarcza wszystkie niezb\u0119dne informacje na pierwszy rzut oka. Monitoruj stan baterii, moc ssania oraz inne istotne parametry w czasie rzeczywistym.<\/p>\n<p>LED + Mop<\/p>\n<p>Wyposa\u017cony w turboszczotk\u0119 LED, Titan Clean V25 Twin Turbo znajduje niewidzialny kurz i dok\u0142adnie go usuwa. Dodatkowo funkcja mopa sprawia, \u017ce Twoje pod\u0142ogi s\u0105 nie tylko czyste, ale i l\u015bni\u0105ce.<\/p>\n<p>Wykrywanie Zanieczyszcze\u0144<\/p>\n<p>Dzi\u0119ki zaawansowanej technologii, odkurzacz automatycznie wykrywa zanieczyszczenia wielko\u015bci mikrona i dostosowuje moc ssania, aby efektywnie usun\u0105\u0107 wszystkie zabrudzenia.<\/p>\n<p>Ergonomiczna Konstrukcja<\/p>\n<p>Lekka i ergonomiczna konstrukcja sprawia, \u017ce sprz\u0105tanie jest wygodne i mniej m\u0119cz\u0105ce. Titan Clean V25 Twin Turbo jest \u0142atwy w manewrowaniu, docieraj\u0105c do ka\u017cdego zak\u0105tka Twojego domu.<\/p>\n<p>Wielostopniowy System Filtracji<\/p>\n<p>Nasz odkurzacz posiada zaawansowany system filtracji, kt\u00f3ry zapewnia, \u017ce powietrze w Twoim domu pozostaje czyste i zdrowe, wychwytuj\u0105c nawet najdrobniejsze cz\u0105steczki kurzu.<\/p>\n<p>Elegancki Design<\/p>\n<p>Nowoczesny i stylowy wygl\u0105d Titan Clean V25 Twin Turbo sprawia, \u017ce jest to nie tylko urz\u0105dzenie funkcjonalne, ale i estetyczny dodatek do Twojego wn\u0119trza.<\/p>\n<p>\u0141atwy w Utrzymaniu Czysto\u015bci<\/p>\n<p>Prosta konserwacja i \u0142atwe opr\u00f3\u017cnianie pojemnika na kurz pozwalaj\u0105 utrzyma\u0107 odkurzacz w idealnym stanie przez d\u0142ugi czas. Zapewnia d\u0142ugotrwa\u0142e dzia\u0142anie bez konieczno\u015bci cz\u0119stego \u0142adowania.<\/p>\n","protected":false},"excerpt":{"rendered":"<p>PIONOWY ODKURZACZ I MOP 2 W 1, MODEL V25 TWIN TURBO Cyfrowy Wy\u015bwietlacz Inteligentny wy\u015bwietlacz w Titan Clean V25 Twin Turbo dostarcza wszystkie niezb\u0119dne informacje na pierwszy rzut oka. Monitoruj stan baterii, moc ssania oraz inne istotne parametry w czasie rzeczywistym. LED + Mop Wyposa\u017cony w turboszczotk\u0119 LED, Titan Clean V25 Twin Turbo znajduje niewidzialny&#8230;<\/p>\n","protected":false},"featured_media":853,"template":"","meta":{"_bst_post_transparent":"default","_bst_post_title":"","_bst_post_layout":"default","_bst_post_sidebar_id":"","_bst_post_content_style":"default","_bst_post_vertical_padding":"default","_bst_post_feature":"","_bst_post_feature_position":"","_bst_post_header":false,"_bst_post_footer":false},"product_brand":[],"product_cat":[121,110],"product_tag":[],"product_brands":[],"class_list":{"0":"post-851","1":"product","2":"type-product","3":"status-publish","4":"has-post-thumbnail","6":"product_cat-wszystko","7":"product_cat-odkurzacz-bezprzewodowy","9":"first","10":"instock","11":"shipping-taxable","12":"purchasable","13":"product-type-simple","14":"entry","15":"content-bg","16":"loop-entry"},"_links":{"self":[{"href":"https:\/\/ekodom.sklep.pl\/index.php\/wp-json\/wp\/v2\/product\/851","targetHints":{"allow":["GET"]}}],"collection":[{"href":"https:\/\/ekodom.sklep.pl\/index.php\/wp-json\/wp\/v2\/product"}],"about":[{"href":"https:\/\/ekodom.sklep.pl\/index.php\/wp-json\/wp\/v2\/types\/product"}],"version-history":[{"count":1,"href":"https:\/\/ekodom.sklep.pl\/index.php\/wp-json\/wp\/v2\/product\/851\/revisions"}],"predecessor-version":[{"id":852,"href":"https:\/\/ekodom.sklep.pl\/index.php\/wp-json\/wp\/v2\/product\/851\/revisions\/852"}],"wp:featuredmedia":[{"embeddable":true,"href":"https:\/\/ekodom.sklep.pl\/index.php\/wp-json\/wp\/v2\/media\/853"}],"wp:attachment":[{"href":"https:\/\/ekodom.sklep.pl\/index.php\/wp-json\/wp\/v2\/media?parent=851"}],"wp:term":[{"taxonomy":"product_brand","embeddable":true,"href":"https:\/\/ekodom.sklep.pl\/index.php\/wp-json\/wp\/v2\/product_brand?post=851"},{"taxonomy":"product_cat","embeddable":true,"href":"https:\/\/ekodom.sklep.pl\/index.php\/wp-json\/wp\/v2\/product_cat?post=851"},{"taxonomy":"product_tag","embeddable":true,"href":"https:\/\/ekodom.sklep.pl\/index.php\/wp-json\/wp\/v2\/product_tag?post=851"},{"taxonomy":"product_brands","embeddable":true,"href":"https:\/\/ekodom.sklep.pl\/index.php\/wp-json\/wp\/v2\/product_brands?post=851"}],"curies":[{"name":"wp","href":"https:\/\/api.w.org\/{rel}","templated":true}]}}