{"id":857,"date":"2025-11-30T18:14:15","date_gmt":"2025-11-30T17:14:15","guid":{"rendered":"http:\/\/ekodom.sklep.pl\/?post_type=product&#038;p=857"},"modified":"2025-12-01T10:56:32","modified_gmt":"2025-12-01T09:56:32","slug":"masazer-stop","status":"publish","type":"product","link":"https:\/\/ekodom.sklep.pl\/index.php\/product\/masazer-stop\/","title":{"rendered":"Masa\u017cer st\u00f3p"},"content":{"rendered":"<p>Masa\u017cer St\u00f3p to niezb\u0119dne wsparcie dla zdrowego stylu \u017cycia. Zadbaj o swoje stopy i ciesz si\u0119 lepszym samopoczuciem ka\u017cdego dnia.<\/p>\n<p>Ulga od B\u00f3lu St\u00f3p: Dzi\u0119ki r\u00f3\u017cnorodnym technikom masa\u017cu, masa\u017cer \u0142agodzi napi\u0119cie mi\u0119\u015bni, redukuje b\u00f3l i przynosi natychmiastow\u0105 ulg\u0119.<\/p>\n<p>Poprawa Kr\u0105\u017cenia Krwi: Stymulacja refleksologiczna poprawia kr\u0105\u017cenie, co przek\u0142ada si\u0119 na lepsze zaopatrzenie tkanek w tlen i sk\u0142adniki od\u017cywcze.<\/p>\n<p>Relaksacyjna Terapia: Delikatny ucisk, wibracje i ciep\u0142o tworz\u0105 atmosfer\u0119 odpr\u0119\u017cenia, pomagaj\u0105c zredukowa\u0107 stres i napi\u0119cie.<\/p>\n<p>Stymulacja Receptor\u00f3w: Masowanie receptor\u00f3w w stopach poprawia og\u00f3ln\u0105 funkcjonalno\u015b\u0107 cia\u0142a, aktywuj\u0105c r\u00f3\u017cne punkty odpowiadaj\u0105ce za zdrowie poszczeg\u00f3lnych organ\u00f3w.<\/p>\n<p>Odpoczynek po Pracy: Po dniu pe\u0142nym wyzwa\u0144, masa\u017cer staje si\u0119 oaz\u0105 relaksu, \u0142agodz\u0105c zm\u0119czenie i przywracaj\u0105c energi\u0119.<\/p>\n<p>Wsparcie dla Ca\u0142ego Organizmu: Refleksologia wp\u0142ywa na r\u00f3\u017cne cz\u0119\u015bci cia\u0142a, wspieraj\u0105c zdrowie narz\u0105d\u00f3w wewn\u0119trznych i r\u00f3wnowag\u0119 energetyczn\u0105.<\/p>\n","protected":false},"excerpt":{"rendered":"<p>Masa\u017cer St\u00f3p to niezb\u0119dne wsparcie dla zdrowego stylu \u017cycia. Zadbaj o swoje stopy i ciesz si\u0119 lepszym samopoczuciem ka\u017cdego dnia. Ulga od B\u00f3lu St\u00f3p: Dzi\u0119ki r\u00f3\u017cnorodnym technikom masa\u017cu, masa\u017cer \u0142agodzi napi\u0119cie mi\u0119\u015bni, redukuje b\u00f3l i przynosi natychmiastow\u0105 ulg\u0119. Poprawa Kr\u0105\u017cenia Krwi: Stymulacja refleksologiczna poprawia kr\u0105\u017cenie, co przek\u0142ada si\u0119 na lepsze zaopatrzenie tkanek w tlen i&#8230;<\/p>\n","protected":false},"featured_media":858,"template":"","meta":{"_bst_post_transparent":"default","_bst_post_title":"","_bst_post_layout":"default","_bst_post_sidebar_id":"","_bst_post_content_style":"default","_bst_post_vertical_padding":"default","_bst_post_feature":"","_bst_post_feature_position":"","_bst_post_header":false,"_bst_post_footer":false},"product_brand":[],"product_cat":[121,106],"product_tag":[],"product_brands":[],"class_list":{"0":"post-857","1":"product","2":"type-product","3":"status-publish","4":"has-post-thumbnail","6":"product_cat-wszystko","7":"product_cat-masazery","9":"first","10":"instock","11":"shipping-taxable","12":"purchasable","13":"product-type-simple","14":"entry","15":"content-bg","16":"loop-entry"},"_links":{"self":[{"href":"https:\/\/ekodom.sklep.pl\/index.php\/wp-json\/wp\/v2\/product\/857","targetHints":{"allow":["GET"]}}],"collection":[{"href":"https:\/\/ekodom.sklep.pl\/index.php\/wp-json\/wp\/v2\/product"}],"about":[{"href":"https:\/\/ekodom.sklep.pl\/index.php\/wp-json\/wp\/v2\/types\/product"}],"version-history":[{"count":1,"href":"https:\/\/ekodom.sklep.pl\/index.php\/wp-json\/wp\/v2\/product\/857\/revisions"}],"predecessor-version":[{"id":859,"href":"https:\/\/ekodom.sklep.pl\/index.php\/wp-json\/wp\/v2\/product\/857\/revisions\/859"}],"wp:featuredmedia":[{"embeddable":true,"href":"https:\/\/ekodom.sklep.pl\/index.php\/wp-json\/wp\/v2\/media\/858"}],"wp:attachment":[{"href":"https:\/\/ekodom.sklep.pl\/index.php\/wp-json\/wp\/v2\/media?parent=857"}],"wp:term":[{"taxonomy":"product_brand","embeddable":true,"href":"https:\/\/ekodom.sklep.pl\/index.php\/wp-json\/wp\/v2\/product_brand?post=857"},{"taxonomy":"product_cat","embeddable":true,"href":"https:\/\/ekodom.sklep.pl\/index.php\/wp-json\/wp\/v2\/product_cat?post=857"},{"taxonomy":"product_tag","embeddable":true,"href":"https:\/\/ekodom.sklep.pl\/index.php\/wp-json\/wp\/v2\/product_tag?post=857"},{"taxonomy":"product_brands","embeddable":true,"href":"https:\/\/ekodom.sklep.pl\/index.php\/wp-json\/wp\/v2\/product_brands?post=857"}],"curies":[{"name":"wp","href":"https:\/\/api.w.org\/{rel}","templated":true}]}}