{"id":860,"date":"2025-11-30T18:18:20","date_gmt":"2025-11-30T17:18:20","guid":{"rendered":"http:\/\/ekodom.sklep.pl\/?post_type=product&#038;p=860"},"modified":"2025-12-01T10:56:19","modified_gmt":"2025-12-01T09:56:19","slug":"masazer-nog-i-kolan","status":"publish","type":"product","link":"https:\/\/ekodom.sklep.pl\/index.php\/product\/masazer-nog-i-kolan\/","title":{"rendered":"Masa\u017cer n\u00f3g i kolan"},"content":{"rendered":"<p>Masa\u017cer n\u00f3g i kolan<\/p>\n<p>Masa\u017cer n\u00f3g Prestige Spa PS-2572 to urz\u0105dzenie stworzone z my\u015bl\u0105 o regeneracji i odpr\u0119\u017ceniu dolnych partii cia\u0142a. Dzi\u0119ki funkcjom masa\u017cu powietrznego, podgrzewania oraz zaawansowanej technologii, PS-2572 skutecznie \u0142agodzi b\u00f3l mi\u0119\u015bniowy, poprawia kr\u0105\u017cenie i wspiera modelowanie n\u00f3g. Jego prosty, ale nowoczesny design \u0142\u0105czy estetyk\u0119 z intuicyjn\u0105 obs\u0142ug\u0105, dzi\u0119ki czemu jest idealnym wyborem dla ka\u017cdego, kto ceni zdrowie i wygod\u0119.<\/p>\n<p>Jak dzia\u0142a masa\u017cer PS-2572?<\/p>\n<p>Urz\u0105dzenie dzia\u0142a poprzez cyrkulacyjny nacisk powietrzny, kt\u00f3ry masuje mi\u0119\u015bnie i tkanki, stymuluj\u0105c popraw\u0119 lokalnego ukrwienia. Dzi\u0119ki wielokomorowemu workowi powietrznemu, kt\u00f3ry nape\u0142nia si\u0119 i opr\u00f3\u017cnia w odpowiedniej kolejno\u015bci, masa\u017cer wspiera od\u017cywienie tkanek, zwi\u0119kszaj\u0105c ich witalno\u015b\u0107. Funkcja podgrzewania pot\u0119guje efekt relaksacyjny i doskonale redukuje opuchlizn\u0119 czy napi\u0119cie po wysi\u0142ku fizycznym.<\/p>\n","protected":false},"excerpt":{"rendered":"<p>Masa\u017cer n\u00f3g i kolan Masa\u017cer n\u00f3g Prestige Spa PS-2572 to urz\u0105dzenie stworzone z my\u015bl\u0105 o regeneracji i odpr\u0119\u017ceniu dolnych partii cia\u0142a. Dzi\u0119ki funkcjom masa\u017cu powietrznego, podgrzewania oraz zaawansowanej technologii, PS-2572 skutecznie \u0142agodzi b\u00f3l mi\u0119\u015bniowy, poprawia kr\u0105\u017cenie i wspiera modelowanie n\u00f3g. Jego prosty, ale nowoczesny design \u0142\u0105czy estetyk\u0119 z intuicyjn\u0105 obs\u0142ug\u0105, dzi\u0119ki czemu jest idealnym wyborem&#8230;<\/p>\n","protected":false},"featured_media":861,"template":"","meta":{"_bst_post_transparent":"default","_bst_post_title":"","_bst_post_layout":"default","_bst_post_sidebar_id":"","_bst_post_content_style":"default","_bst_post_vertical_padding":"default","_bst_post_feature":"","_bst_post_feature_position":"","_bst_post_header":false,"_bst_post_footer":false},"product_brand":[],"product_cat":[121,106],"product_tag":[],"product_brands":[],"class_list":{"0":"post-860","1":"product","2":"type-product","3":"status-publish","4":"has-post-thumbnail","6":"product_cat-wszystko","7":"product_cat-masazery","9":"first","10":"instock","11":"shipping-taxable","12":"purchasable","13":"product-type-simple","14":"entry","15":"content-bg","16":"loop-entry"},"_links":{"self":[{"href":"https:\/\/ekodom.sklep.pl\/index.php\/wp-json\/wp\/v2\/product\/860","targetHints":{"allow":["GET"]}}],"collection":[{"href":"https:\/\/ekodom.sklep.pl\/index.php\/wp-json\/wp\/v2\/product"}],"about":[{"href":"https:\/\/ekodom.sklep.pl\/index.php\/wp-json\/wp\/v2\/types\/product"}],"version-history":[{"count":1,"href":"https:\/\/ekodom.sklep.pl\/index.php\/wp-json\/wp\/v2\/product\/860\/revisions"}],"predecessor-version":[{"id":862,"href":"https:\/\/ekodom.sklep.pl\/index.php\/wp-json\/wp\/v2\/product\/860\/revisions\/862"}],"wp:featuredmedia":[{"embeddable":true,"href":"https:\/\/ekodom.sklep.pl\/index.php\/wp-json\/wp\/v2\/media\/861"}],"wp:attachment":[{"href":"https:\/\/ekodom.sklep.pl\/index.php\/wp-json\/wp\/v2\/media?parent=860"}],"wp:term":[{"taxonomy":"product_brand","embeddable":true,"href":"https:\/\/ekodom.sklep.pl\/index.php\/wp-json\/wp\/v2\/product_brand?post=860"},{"taxonomy":"product_cat","embeddable":true,"href":"https:\/\/ekodom.sklep.pl\/index.php\/wp-json\/wp\/v2\/product_cat?post=860"},{"taxonomy":"product_tag","embeddable":true,"href":"https:\/\/ekodom.sklep.pl\/index.php\/wp-json\/wp\/v2\/product_tag?post=860"},{"taxonomy":"product_brands","embeddable":true,"href":"https:\/\/ekodom.sklep.pl\/index.php\/wp-json\/wp\/v2\/product_brands?post=860"}],"curies":[{"name":"wp","href":"https:\/\/api.w.org\/{rel}","templated":true}]}}