{"id":863,"date":"2025-11-30T18:31:21","date_gmt":"2025-11-30T17:31:21","guid":{"rendered":"http:\/\/ekodom.sklep.pl\/?post_type=product&#038;p=863"},"modified":"2025-12-01T10:56:07","modified_gmt":"2025-12-01T09:56:07","slug":"automatyczna-myjka-do-szyb-i-luster","status":"publish","type":"product","link":"https:\/\/ekodom.sklep.pl\/index.php\/product\/automatyczna-myjka-do-szyb-i-luster\/","title":{"rendered":"Automatyczna myjka do szyb i luster"},"content":{"rendered":"<p>Wyposa\u017cona w innowacyjn\u0105 technologi\u0119 AI Technology V2.0, myjka do okien automatycznie planuje tras\u0119 czyszczenia, zapewniaj\u0105c efektywne i samodzielne mycie bez nadzoru. Dzi\u0119ki do\u0142\u0105czonemu pilotowi, obs\u0142uga urz\u0105dzenia jest niezwykle bezpieczna i prosta \u2013 nie ma potrzeby wspinania si\u0119 na krzes\u0142a czy drabinki. Wystarczy jedno klikni\u0119cie, aby sprowadzi\u0107 myjk\u0119 na d\u00f3\u0142. Rozsi\u0105d\u017a si\u0119 wygodnie z fili\u017cank\u0105 kawy i ogl\u0105daj, jak myjka b\u0142yskawicznie czy\u015bci Twoje okna, zapewniaj\u0105c perfekcyjn\u0105 czysto\u015b\u0107 bez wysi\u0142ku i ryzyka. Idealne rozwi\u0105zanie dla ka\u017cdego domu czy biura pragn\u0105cego komfortu i efektywno\u015bci.<\/p>\n","protected":false},"excerpt":{"rendered":"<p>Wyposa\u017cona w innowacyjn\u0105 technologi\u0119 AI Technology V2.0, myjka do okien automatycznie planuje tras\u0119 czyszczenia, zapewniaj\u0105c efektywne i samodzielne mycie bez nadzoru. Dzi\u0119ki do\u0142\u0105czonemu pilotowi, obs\u0142uga urz\u0105dzenia jest niezwykle bezpieczna i prosta \u2013 nie ma potrzeby wspinania si\u0119 na krzes\u0142a czy drabinki. Wystarczy jedno klikni\u0119cie, aby sprowadzi\u0107 myjk\u0119 na d\u00f3\u0142. Rozsi\u0105d\u017a si\u0119 wygodnie z fili\u017cank\u0105 kawy&#8230;<\/p>\n","protected":false},"featured_media":940,"template":"","meta":{"_bst_post_transparent":"default","_bst_post_title":"","_bst_post_layout":"default","_bst_post_sidebar_id":"","_bst_post_content_style":"default","_bst_post_vertical_padding":"default","_bst_post_feature":"","_bst_post_feature_position":"","_bst_post_header":false,"_bst_post_footer":false},"product_brand":[],"product_cat":[121,114],"product_tag":[],"product_brands":[],"class_list":{"0":"post-863","1":"product","2":"type-product","3":"status-publish","4":"has-post-thumbnail","6":"product_cat-wszystko","7":"product_cat-myjki-do-okien","9":"first","10":"instock","11":"shipping-taxable","12":"purchasable","13":"product-type-simple","14":"entry","15":"content-bg","16":"loop-entry"},"_links":{"self":[{"href":"https:\/\/ekodom.sklep.pl\/index.php\/wp-json\/wp\/v2\/product\/863","targetHints":{"allow":["GET"]}}],"collection":[{"href":"https:\/\/ekodom.sklep.pl\/index.php\/wp-json\/wp\/v2\/product"}],"about":[{"href":"https:\/\/ekodom.sklep.pl\/index.php\/wp-json\/wp\/v2\/types\/product"}],"version-history":[{"count":1,"href":"https:\/\/ekodom.sklep.pl\/index.php\/wp-json\/wp\/v2\/product\/863\/revisions"}],"predecessor-version":[{"id":864,"href":"https:\/\/ekodom.sklep.pl\/index.php\/wp-json\/wp\/v2\/product\/863\/revisions\/864"}],"wp:featuredmedia":[{"embeddable":true,"href":"https:\/\/ekodom.sklep.pl\/index.php\/wp-json\/wp\/v2\/media\/940"}],"wp:attachment":[{"href":"https:\/\/ekodom.sklep.pl\/index.php\/wp-json\/wp\/v2\/media?parent=863"}],"wp:term":[{"taxonomy":"product_brand","embeddable":true,"href":"https:\/\/ekodom.sklep.pl\/index.php\/wp-json\/wp\/v2\/product_brand?post=863"},{"taxonomy":"product_cat","embeddable":true,"href":"https:\/\/ekodom.sklep.pl\/index.php\/wp-json\/wp\/v2\/product_cat?post=863"},{"taxonomy":"product_tag","embeddable":true,"href":"https:\/\/ekodom.sklep.pl\/index.php\/wp-json\/wp\/v2\/product_tag?post=863"},{"taxonomy":"product_brands","embeddable":true,"href":"https:\/\/ekodom.sklep.pl\/index.php\/wp-json\/wp\/v2\/product_brands?post=863"}],"curies":[{"name":"wp","href":"https:\/\/api.w.org\/{rel}","templated":true}]}}