{"id":875,"date":"2025-11-30T18:46:11","date_gmt":"2025-11-30T17:46:11","guid":{"rendered":"http:\/\/ekodom.sklep.pl\/?post_type=product&#038;p=875"},"modified":"2025-12-01T10:55:43","modified_gmt":"2025-12-01T09:55:43","slug":"zestaw-naczyn-premium","status":"publish","type":"product","link":"https:\/\/ekodom.sklep.pl\/index.php\/product\/zestaw-naczyn-premium\/","title":{"rendered":"Zestaw naczy\u0144 premium"},"content":{"rendered":"<p>Ekskluzywno\u015b\u0107 gotowania na wyci\u0105gni\u0119cie r\u0119ki! Zestaw garnk\u00f3w Beluci Cook to 21-elementowy komplet wykonany z najwy\u017cszej jako\u015bci stali nierdzewnej, gwarantuj\u0105cy trwa\u0142o\u015b\u0107 i niezawodno\u015b\u0107 na d\u0142ugie lata. Innowacyjne 9-warstwowe dno termiczne zapewnia szybkie i r\u00f3wnomierne nagrzewanie, utrzymuj\u0105c ciep\u0142o i zachowuj\u0105c walory od\u017cywcze potraw. Uniwersalno\u015b\u0107 zestawu pozwala na u\u017cytkowanie na r\u00f3\u017cnych \u017ar\u00f3d\u0142ach ogrzewania, a nienagrzewaj\u0105ce si\u0119 uchwyty i bakelitowe maty zwi\u0119kszaj\u0105 komfort i bezpiecze\u0144stwo gotowania. Precyzyjny miernik temperatury u\u0142atwia kontrol\u0119 procesu gotowania, umo\u017cliwiaj\u0105c zdrowe gotowanie z minimalnym u\u017cyciem t\u0142uszczu. Zestaw Beluci Cook, ceniony przez szef\u00f3w kuchni na ca\u0142ym \u015bwiecie, to presti\u017cowy i praktyczny wyb\u00f3r dla ka\u017cdego pasjonata kulinari\u00f3w. Luksusowy design i funkcjonalno\u015b\u0107 sprawiaj\u0105, \u017ce gotowanie staje si\u0119 czyst\u0105 przyjemno\u015bci\u0105.<\/p>\n","protected":false},"excerpt":{"rendered":"<p>Ekskluzywno\u015b\u0107 gotowania na wyci\u0105gni\u0119cie r\u0119ki! Zestaw garnk\u00f3w Beluci Cook to 21-elementowy komplet wykonany z najwy\u017cszej jako\u015bci stali nierdzewnej, gwarantuj\u0105cy trwa\u0142o\u015b\u0107 i niezawodno\u015b\u0107 na d\u0142ugie lata. Innowacyjne 9-warstwowe dno termiczne zapewnia szybkie i r\u00f3wnomierne nagrzewanie, utrzymuj\u0105c ciep\u0142o i zachowuj\u0105c walory od\u017cywcze potraw. Uniwersalno\u015b\u0107 zestawu pozwala na u\u017cytkowanie na r\u00f3\u017cnych \u017ar\u00f3d\u0142ach ogrzewania, a nienagrzewaj\u0105ce si\u0119 uchwyty i&#8230;<\/p>\n","protected":false},"featured_media":813,"template":"","meta":{"_bst_post_transparent":"default","_bst_post_title":"","_bst_post_layout":"default","_bst_post_sidebar_id":"","_bst_post_content_style":"default","_bst_post_vertical_padding":"default","_bst_post_feature":"","_bst_post_feature_position":"","_bst_post_header":false,"_bst_post_footer":false},"product_brand":[],"product_cat":[121,120],"product_tag":[],"product_brands":[],"class_list":{"0":"post-875","1":"product","2":"type-product","3":"status-publish","4":"has-post-thumbnail","6":"product_cat-wszystko","7":"product_cat-naczynia","9":"first","10":"instock","11":"shipping-taxable","12":"purchasable","13":"product-type-simple","14":"entry","15":"content-bg","16":"loop-entry"},"_links":{"self":[{"href":"https:\/\/ekodom.sklep.pl\/index.php\/wp-json\/wp\/v2\/product\/875","targetHints":{"allow":["GET"]}}],"collection":[{"href":"https:\/\/ekodom.sklep.pl\/index.php\/wp-json\/wp\/v2\/product"}],"about":[{"href":"https:\/\/ekodom.sklep.pl\/index.php\/wp-json\/wp\/v2\/types\/product"}],"version-history":[{"count":1,"href":"https:\/\/ekodom.sklep.pl\/index.php\/wp-json\/wp\/v2\/product\/875\/revisions"}],"predecessor-version":[{"id":876,"href":"https:\/\/ekodom.sklep.pl\/index.php\/wp-json\/wp\/v2\/product\/875\/revisions\/876"}],"wp:featuredmedia":[{"embeddable":true,"href":"https:\/\/ekodom.sklep.pl\/index.php\/wp-json\/wp\/v2\/media\/813"}],"wp:attachment":[{"href":"https:\/\/ekodom.sklep.pl\/index.php\/wp-json\/wp\/v2\/media?parent=875"}],"wp:term":[{"taxonomy":"product_brand","embeddable":true,"href":"https:\/\/ekodom.sklep.pl\/index.php\/wp-json\/wp\/v2\/product_brand?post=875"},{"taxonomy":"product_cat","embeddable":true,"href":"https:\/\/ekodom.sklep.pl\/index.php\/wp-json\/wp\/v2\/product_cat?post=875"},{"taxonomy":"product_tag","embeddable":true,"href":"https:\/\/ekodom.sklep.pl\/index.php\/wp-json\/wp\/v2\/product_tag?post=875"},{"taxonomy":"product_brands","embeddable":true,"href":"https:\/\/ekodom.sklep.pl\/index.php\/wp-json\/wp\/v2\/product_brands?post=875"}],"curies":[{"name":"wp","href":"https:\/\/api.w.org\/{rel}","templated":true}]}}