{"id":877,"date":"2025-11-30T18:49:04","date_gmt":"2025-11-30T17:49:04","guid":{"rendered":"http:\/\/ekodom.sklep.pl\/?post_type=product&#038;p=877"},"modified":"2025-12-01T10:55:31","modified_gmt":"2025-12-01T09:55:31","slug":"pas-barkowy","status":"publish","type":"product","link":"https:\/\/ekodom.sklep.pl\/index.php\/product\/pas-barkowy\/","title":{"rendered":"Pas barkowy"},"content":{"rendered":"<p>Pas masuj\u0105cy to zgrabne i ma\u0142e urz\u0105dzenie przeznaczone do masa\u017cu ca\u0142ego cia\u0142a. Dzi\u0119ki swojej specjalnej konstrukcji i g\u0142owicom zaprojektowanym do masa\u017cu shiatsu, wykonuje intensywny masa\u017c, \u0142agodz\u0105c b\u00f3l i napi\u0119cie mi\u0119\u015bni, poprawiaj\u0105c elastyczno\u015b\u0107 oraz kr\u0105\u017cenie krwi. Wyposa\u017cony w wbudowany akumulator, pozwala na korzystanie na dzia\u0142ce, w samochodzie i wsz\u0119dzie tam, gdzie nie mamy dost\u0119pu do pr\u0105du. Urz\u0105dzenie umo\u017cliwia masowanie r\u00f3\u017cnych cz\u0119\u015bci cia\u0142a, takich jak brzuch, po\u015bladki, \u0142ydki, uda oraz odcinek l\u0119d\u017awiowy i szyjny kr\u0119gos\u0142upa. Pas masuj\u0105cy jest prosty w u\u017cyciu \u2013 wystarczy go za\u0142o\u017cy\u0107, w\u0142\u0105czy\u0107 i dostosowa\u0107 intensywno\u015b\u0107 masa\u017cu do swoich potrzeb. To wszechstronne urz\u0105dzenie, idealne do domowej apteczki, przyniesie ulg\u0119 i poprawi samopoczucie w dowolnym miejscu i czasie.<\/p>\n","protected":false},"excerpt":{"rendered":"<p>Pas masuj\u0105cy to zgrabne i ma\u0142e urz\u0105dzenie przeznaczone do masa\u017cu ca\u0142ego cia\u0142a. Dzi\u0119ki swojej specjalnej konstrukcji i g\u0142owicom zaprojektowanym do masa\u017cu shiatsu, wykonuje intensywny masa\u017c, \u0142agodz\u0105c b\u00f3l i napi\u0119cie mi\u0119\u015bni, poprawiaj\u0105c elastyczno\u015b\u0107 oraz kr\u0105\u017cenie krwi. Wyposa\u017cony w wbudowany akumulator, pozwala na korzystanie na dzia\u0142ce, w samochodzie i wsz\u0119dzie tam, gdzie nie mamy dost\u0119pu do pr\u0105du&#8230;.<\/p>\n","protected":false},"featured_media":939,"template":"","meta":{"_bst_post_transparent":"default","_bst_post_title":"","_bst_post_layout":"default","_bst_post_sidebar_id":"","_bst_post_content_style":"default","_bst_post_vertical_padding":"default","_bst_post_feature":"","_bst_post_feature_position":"","_bst_post_header":false,"_bst_post_footer":false},"product_brand":[],"product_cat":[121,106],"product_tag":[],"product_brands":[],"class_list":{"0":"post-877","1":"product","2":"type-product","3":"status-publish","4":"has-post-thumbnail","6":"product_cat-wszystko","7":"product_cat-masazery","9":"first","10":"instock","11":"shipping-taxable","12":"purchasable","13":"product-type-simple","14":"entry","15":"content-bg","16":"loop-entry"},"_links":{"self":[{"href":"https:\/\/ekodom.sklep.pl\/index.php\/wp-json\/wp\/v2\/product\/877","targetHints":{"allow":["GET"]}}],"collection":[{"href":"https:\/\/ekodom.sklep.pl\/index.php\/wp-json\/wp\/v2\/product"}],"about":[{"href":"https:\/\/ekodom.sklep.pl\/index.php\/wp-json\/wp\/v2\/types\/product"}],"version-history":[{"count":1,"href":"https:\/\/ekodom.sklep.pl\/index.php\/wp-json\/wp\/v2\/product\/877\/revisions"}],"predecessor-version":[{"id":878,"href":"https:\/\/ekodom.sklep.pl\/index.php\/wp-json\/wp\/v2\/product\/877\/revisions\/878"}],"wp:featuredmedia":[{"embeddable":true,"href":"https:\/\/ekodom.sklep.pl\/index.php\/wp-json\/wp\/v2\/media\/939"}],"wp:attachment":[{"href":"https:\/\/ekodom.sklep.pl\/index.php\/wp-json\/wp\/v2\/media?parent=877"}],"wp:term":[{"taxonomy":"product_brand","embeddable":true,"href":"https:\/\/ekodom.sklep.pl\/index.php\/wp-json\/wp\/v2\/product_brand?post=877"},{"taxonomy":"product_cat","embeddable":true,"href":"https:\/\/ekodom.sklep.pl\/index.php\/wp-json\/wp\/v2\/product_cat?post=877"},{"taxonomy":"product_tag","embeddable":true,"href":"https:\/\/ekodom.sklep.pl\/index.php\/wp-json\/wp\/v2\/product_tag?post=877"},{"taxonomy":"product_brands","embeddable":true,"href":"https:\/\/ekodom.sklep.pl\/index.php\/wp-json\/wp\/v2\/product_brands?post=877"}],"curies":[{"name":"wp","href":"https:\/\/api.w.org\/{rel}","templated":true}]}}