{"id":879,"date":"2025-11-30T18:51:43","date_gmt":"2025-11-30T17:51:43","guid":{"rendered":"http:\/\/ekodom.sklep.pl\/?post_type=product&#038;p=879"},"modified":"2025-12-01T10:55:21","modified_gmt":"2025-12-01T09:55:21","slug":"rower-elektryczny","status":"publish","type":"product","link":"https:\/\/ekodom.sklep.pl\/index.php\/product\/rower-elektryczny\/","title":{"rendered":"Rower elektryczny"},"content":{"rendered":"<p>GLAMVILLA BRONCO E-BIKE<\/p>\n<p>Rower Elektryczny<\/p>\n<p>Typ roweru: Rower g\u00f3rski, Pedelec<\/p>\n<p>Przedzia\u0142 wiekowy: doros\u0142y<\/p>\n<p>marka: GLAMWILLA<\/p>\n<p>Liczba bieg\u00f3w: 7<\/p>\n<p>Rozmiar ko\u0142a: 27,5 cala<\/p>\n<p>Typ zawieszenia: Zawieszenie widelca<\/p>\n<p>Rozmiar: 27,5 cala<\/p>\n<p>Typ hamulca: Hamulec tarczowy<\/p>\n<p>Szeroko\u015b\u0107 ko\u0142a: 3 cale<\/p>\n<p>\u2022 Mocny silnik BAFANG 500W: Wyposa\u017cony w bezszczotkowy silnik o wysokiej wydajno\u015bci, zapewnia p\u0142ynniejsz\u0105 i \u0142atwiejsz\u0105 jazd\u0119. Silnik BAFANG gwarantuje niezawodno\u015b\u0107 i d\u0142ug\u0105 \u017cywotno\u015b\u0107.<\/p>\n<p>\u2022 Wyjmowana bateria litowa 12,5 Ah: Oferuje zasi\u0119g do 85 km w trybie ECO. Idealna na codzienne dojazdy lub rekreacyjne wycieczki.<\/p>\n<p>\u2022 Opony 3,0 cala: Szersze opony zwi\u0119kszaj\u0105 przyczepno\u015b\u0107 i stabilno\u015b\u0107, zapewniaj\u0105c komfortow\u0105 jazd\u0119 po trudnym terenie.<\/p>\n<p>\u2022 Doskona\u0142e osi\u0105gi: 7-biegowa przerzutka Shimano oraz hamulce tarczowe zapewniaj\u0105 pe\u0142n\u0105 kontrol\u0119, a system LED poprawia bezpiecze\u0144stwo.<\/p>\n<p>\u2022 Zaawansowana konstrukcja ramy: Specjalnie zaprojektowana dla stabilniejszego mocowania baterii. Wyposa\u017cona w regulowany, zamykany widelec hydrauliczny o zwi\u0119kszonej wytrzyma\u0142o\u015bci.<\/p>\n<p>\u2022 3 tryby jazdy: Tryb elektryczny (do 55 km), wspomaganie (do 85 km) i tryb normalny \u2013 wyb\u00f3r idealny dla r\u00f3\u017cnych potrzeb.<\/p>\n<p>\u2022 \u0141atwy monta\u017c: Rower jest wst\u0119pnie zmontowany w 85%, dzi\u0119ki czemu oszcz\u0119dzasz czas.<\/p>\n","protected":false},"excerpt":{"rendered":"<p>GLAMVILLA BRONCO E-BIKE Rower Elektryczny Typ roweru: Rower g\u00f3rski, Pedelec Przedzia\u0142 wiekowy: doros\u0142y marka: GLAMWILLA Liczba bieg\u00f3w: 7 Rozmiar ko\u0142a: 27,5 cala Typ zawieszenia: Zawieszenie widelca Rozmiar: 27,5 cala Typ hamulca: Hamulec tarczowy Szeroko\u015b\u0107 ko\u0142a: 3 cale \u2022 Mocny silnik BAFANG 500W: Wyposa\u017cony w bezszczotkowy silnik o wysokiej wydajno\u015bci, zapewnia p\u0142ynniejsz\u0105 i \u0142atwiejsz\u0105 jazd\u0119. Silnik&#8230;<\/p>\n","protected":false},"featured_media":881,"template":"","meta":{"_bst_post_transparent":"default","_bst_post_title":"","_bst_post_layout":"default","_bst_post_sidebar_id":"","_bst_post_content_style":"default","_bst_post_vertical_padding":"default","_bst_post_feature":"","_bst_post_feature_position":"","_bst_post_header":false,"_bst_post_footer":false},"product_brand":[],"product_cat":[121,116],"product_tag":[],"product_brands":[],"class_list":{"0":"post-879","1":"product","2":"type-product","3":"status-publish","4":"has-post-thumbnail","6":"product_cat-wszystko","7":"product_cat-rowery-elektryczne","9":"first","10":"instock","11":"shipping-taxable","12":"purchasable","13":"product-type-simple","14":"entry","15":"content-bg","16":"loop-entry"},"_links":{"self":[{"href":"https:\/\/ekodom.sklep.pl\/index.php\/wp-json\/wp\/v2\/product\/879","targetHints":{"allow":["GET"]}}],"collection":[{"href":"https:\/\/ekodom.sklep.pl\/index.php\/wp-json\/wp\/v2\/product"}],"about":[{"href":"https:\/\/ekodom.sklep.pl\/index.php\/wp-json\/wp\/v2\/types\/product"}],"version-history":[{"count":2,"href":"https:\/\/ekodom.sklep.pl\/index.php\/wp-json\/wp\/v2\/product\/879\/revisions"}],"predecessor-version":[{"id":882,"href":"https:\/\/ekodom.sklep.pl\/index.php\/wp-json\/wp\/v2\/product\/879\/revisions\/882"}],"wp:featuredmedia":[{"embeddable":true,"href":"https:\/\/ekodom.sklep.pl\/index.php\/wp-json\/wp\/v2\/media\/881"}],"wp:attachment":[{"href":"https:\/\/ekodom.sklep.pl\/index.php\/wp-json\/wp\/v2\/media?parent=879"}],"wp:term":[{"taxonomy":"product_brand","embeddable":true,"href":"https:\/\/ekodom.sklep.pl\/index.php\/wp-json\/wp\/v2\/product_brand?post=879"},{"taxonomy":"product_cat","embeddable":true,"href":"https:\/\/ekodom.sklep.pl\/index.php\/wp-json\/wp\/v2\/product_cat?post=879"},{"taxonomy":"product_tag","embeddable":true,"href":"https:\/\/ekodom.sklep.pl\/index.php\/wp-json\/wp\/v2\/product_tag?post=879"},{"taxonomy":"product_brands","embeddable":true,"href":"https:\/\/ekodom.sklep.pl\/index.php\/wp-json\/wp\/v2\/product_brands?post=879"}],"curies":[{"name":"wp","href":"https:\/\/api.w.org\/{rel}","templated":true}]}}